{"id":1699,"date":"2023-10-23T04:52:00","date_gmt":"2023-10-23T04:52:00","guid":{"rendered":"https:\/\/cmwcusa.org\/?page_id=1699"},"modified":"2024-02-07T06:58:42","modified_gmt":"2024-02-07T06:58:42","slug":"jobs","status":"publish","type":"page","link":"https:\/\/cmwcusa.org\/es\/jobs","title":{"rendered":"Oportunidades de Empleo"},"content":{"rendered":"<div data-elementor-type=\"wp-page\" data-elementor-id=\"1699\" class=\"elementor elementor-1699\">\n\t\t\t\t\t\t<section class=\"elementor-section elementor-top-section elementor-element elementor-element-6bcb1e1d elementor-section-boxed elementor-section-height-default elementor-section-height-default\" data-id=\"6bcb1e1d\" data-element_type=\"section\">\n\t\t\t\t\t\t\t<div class=\"elementor-background-overlay\"><\/div>\n\t\t\t\t\t\t\t<div class=\"elementor-container elementor-column-gap-default\">\n\t\t\t\t\t<div class=\"elementor-column elementor-col-100 elementor-top-column elementor-element elementor-element-740d4bf2\" data-id=\"740d4bf2\" data-element_type=\"column\" data-settings=\"{&quot;background_background&quot;:&quot;classic&quot;}\">\n\t\t\t<div class=\"elementor-widget-wrap elementor-element-populated\">\n\t\t\t\t\t<div class=\"elementor-background-overlay\"><\/div>\n\t\t\t\t\t\t<div class=\"elementor-element elementor-element-66777223 elementor-widget elementor-widget-heading\" data-id=\"66777223\" data-element_type=\"widget\" data-widget_type=\"heading.default\">\n\t\t\t\t<div class=\"elementor-widget-container\">\n\t\t\t\t\t<h1 class=\"elementor-heading-title elementor-size-default\">Empleos y Carreras<\/h1>\t\t\t\t<\/div>\n\t\t\t\t<\/div>\n\t\t\t\t\t<\/div>\n\t\t<\/div>\n\t\t\t\t\t<\/div>\n\t\t<\/section>\n\t\t\t\t<section class=\"elementor-section elementor-top-section elementor-element elementor-element-7070f162 elementor-section-boxed elementor-section-height-default elementor-section-height-default\" data-id=\"7070f162\" data-element_type=\"section\" data-settings=\"{&quot;background_background&quot;:&quot;classic&quot;}\">\n\t\t\t\t\t\t\t<div class=\"elementor-background-overlay\"><\/div>\n\t\t\t\t\t\t\t<div class=\"elementor-container elementor-column-gap-default\">\n\t\t\t\t\t<div class=\"elementor-column elementor-col-100 elementor-top-column elementor-element elementor-element-6b887659\" data-id=\"6b887659\" data-element_type=\"column\" data-settings=\"{&quot;background_background&quot;:&quot;slideshow&quot;,&quot;background_slideshow_slide_duration&quot;:1500,&quot;background_slideshow_transition_duration&quot;:800,&quot;background_slideshow_gallery&quot;:[],&quot;background_slideshow_loop&quot;:&quot;yes&quot;,&quot;background_slideshow_slide_transition&quot;:&quot;fade&quot;}\">\n\t\t\t<div class=\"elementor-widget-wrap elementor-element-populated\">\n\t\t\t\t\t\t<section class=\"elementor-section elementor-inner-section elementor-element elementor-element-795bcafc elementor-reverse-tablet elementor-reverse-mobile elementor-section-boxed elementor-section-height-default elementor-section-height-default\" data-id=\"795bcafc\" data-element_type=\"section\">\n\t\t\t\t\t\t<div class=\"elementor-container elementor-column-gap-default\">\n\t\t\t\t\t<div class=\"elementor-column elementor-col-50 elementor-inner-column elementor-element elementor-element-46b90c8e\" data-id=\"46b90c8e\" data-element_type=\"column\">\n\t\t\t<div class=\"elementor-widget-wrap elementor-element-populated\">\n\t\t\t\t\t\t<div class=\"elementor-element elementor-element-6e54ab28 elementor-widget elementor-widget-heading\" data-id=\"6e54ab28\" data-element_type=\"widget\" data-widget_type=\"heading.default\">\n\t\t\t\t<div class=\"elementor-widget-container\">\n\t\t\t\t\t<h2 class=\"elementor-heading-title elementor-size-default\">Oportunidades de Empleo<\/h2>\t\t\t\t<\/div>\n\t\t\t\t<\/div>\n\t\t\t\t<div class=\"elementor-element elementor-element-4467002f elementor-widget elementor-widget-text-editor\" data-id=\"4467002f\" data-element_type=\"widget\" data-widget_type=\"text-editor.default\">\n\t\t\t\t<div class=\"elementor-widget-container\">\n\t\t\t\t\t\t\t\t\t<p><span style=\"color: var( --e-global-color-kadence2 ); background-color: var( --e-global-color-kadence9 ); font-family: var(--global-body-font-family);\">El departamento de recursos humanos de CMWC est\u00e1 ubicado en 1360 E. Anaheim Street, Long Beach, CA 90813. Todos los solicitantes interesados deben enviar una solicitud en l\u00ednea para ser considerados.<\/span><\/p><p>CMWC cree en crear entornos que permitan a sus partes interesadas prosperar, crecer y aprender continuamente para brindar lo mejor a la comunidad. Como parte de este compromiso con la salud y la seguridad, CMWC requiere vacunas contra el COVID-19 para los empleados actuales en EE. UU., incluidos todos los empleados reci\u00e9n contratados, sujeto a la legislaci\u00f3n aplicable.<\/p><p>Para consultas relacionadas con Recursos Humanos, por favor contacta a: HR@cmwcusa.org.\u00a0<a href=\"mailto:HR@cmwcusa.org\" target=\"_blank\" rel=\"noopener\">HR@cmwcusa.org<\/a>.<\/p>\t\t\t\t\t\t\t\t<\/div>\n\t\t\t\t<\/div>\n\t\t\t\t\t<\/div>\n\t\t<\/div>\n\t\t\t\t<div class=\"elementor-column elementor-col-50 elementor-inner-column elementor-element elementor-element-5f6f3996\" data-id=\"5f6f3996\" data-element_type=\"column\">\n\t\t\t<div class=\"elementor-widget-wrap elementor-element-populated\">\n\t\t\t\t\t\t<div class=\"elementor-element elementor-element-5c371a08 elementor-widget__width-initial animated-slow elementor-invisible elementor-widget elementor-widget-image\" data-id=\"5c371a08\" data-element_type=\"widget\" data-settings=\"{&quot;_animation&quot;:&quot;fadeInRight&quot;}\" data-widget_type=\"image.default\">\n\t\t\t\t<div class=\"elementor-widget-container\">\n\t\t\t\t\t\t\t\t\t\t\t\t\t\t\t<img fetchpriority=\"high\" decoding=\"async\" width=\"2300\" height=\"1989\" src=\"https:\/\/cmwcusa.org\/wp-content\/uploads\/2023\/09\/CMWC_staff_-5.jpg\" class=\"attachment-full size-full wp-image-1237\" alt=\"\" srcset=\"https:\/\/cmwcusa.org\/wp-content\/uploads\/2023\/09\/CMWC_staff_-5.jpg 2300w, https:\/\/cmwcusa.org\/wp-content\/uploads\/2023\/09\/CMWC_staff_-5-300x259.jpg 300w, https:\/\/cmwcusa.org\/wp-content\/uploads\/2023\/09\/CMWC_staff_-5-1024x886.jpg 1024w, https:\/\/cmwcusa.org\/wp-content\/uploads\/2023\/09\/CMWC_staff_-5-768x664.jpg 768w, https:\/\/cmwcusa.org\/wp-content\/uploads\/2023\/09\/CMWC_staff_-5-1536x1328.jpg 1536w, https:\/\/cmwcusa.org\/wp-content\/uploads\/2023\/09\/CMWC_staff_-5-2048x1771.jpg 2048w\" sizes=\"(max-width: 2300px) 100vw, 2300px\" \/>\t\t\t\t\t\t\t\t\t\t\t\t\t\t\t<\/div>\n\t\t\t\t<\/div>\n\t\t\t\t\t<\/div>\n\t\t<\/div>\n\t\t\t\t\t<\/div>\n\t\t<\/section>\n\t\t\t\t\t<\/div>\n\t\t<\/div>\n\t\t\t\t\t<\/div>\n\t\t<\/section>\n\t\t\t\t<section class=\"elementor-section elementor-top-section elementor-element elementor-element-3310dbef elementor-section-full_width elementor-section-height-default elementor-section-height-default\" data-id=\"3310dbef\" data-element_type=\"section\">\n\t\t\t\t\t\t\t<div class=\"elementor-background-overlay\"><\/div>\n\t\t\t\t\t\t\t<div class=\"elementor-container elementor-column-gap-default\">\n\t\t\t\t\t<div class=\"elementor-column elementor-col-100 elementor-top-column elementor-element elementor-element-433b53b6\" data-id=\"433b53b6\" data-element_type=\"column\">\n\t\t\t<div class=\"elementor-widget-wrap elementor-element-populated\">\n\t\t\t\t\t\t<div class=\"elementor-element elementor-element-7d1433b4 elementor-widget elementor-widget-html\" data-id=\"7d1433b4\" data-element_type=\"widget\" data-widget_type=\"html.default\">\n\t\t\t\t<div class=\"elementor-widget-container\">\n\t\t\t\t\t<div style=\"max-width:234px\"><svg width=\"100%\" height=\"100%\" viewbox=\"0 0 240 150\" version=\"1.1\" xmlns=\"http:\/\/www.w3.org\/2000\/svg\" xmlns:xlink=\"http:\/\/www.w3.org\/1999\/xlink\" xml:space=\"preserve\" xmlns:serif=\"http:\/\/www.serif.com\/\" style=\"    display: block;fill-rule:evenodd;clip-rule:evenodd;stroke-linejoin:round;stroke-miterlimit:2;\"><path d=\"M0,0.033l95.089,0l0,90.885l93.556,-0l0,59.082l-188.645,0l0,-149.967Zm240,44.642l0,46.248l-51.354,-0l-0,-46.248l51.354,-0Z\" style=\"fill:var(--global-palette8);\"\/><\/svg><\/div>\t\t\t\t<\/div>\n\t\t\t\t<\/div>\n\t\t\t\t\t<\/div>\n\t\t<\/div>\n\t\t\t\t\t<\/div>\n\t\t<\/section>\n\t\t\t\t<section class=\"elementor-section elementor-top-section elementor-element elementor-element-4c88c3a1 elementor-section-boxed elementor-section-height-default elementor-section-height-default\" data-id=\"4c88c3a1\" data-element_type=\"section\" id=\"carePrimary\" data-settings=\"{&quot;background_background&quot;:&quot;classic&quot;}\">\n\t\t\t\t\t\t<div class=\"elementor-container elementor-column-gap-default\">\n\t\t\t\t\t<div class=\"elementor-column elementor-col-100 elementor-top-column elementor-element elementor-element-426f02ff elementor-invisible\" data-id=\"426f02ff\" data-element_type=\"column\" data-settings=\"{&quot;animation&quot;:&quot;fadeIn&quot;,&quot;animation_delay&quot;:50}\">\n\t\t\t<div class=\"elementor-widget-wrap elementor-element-populated\">\n\t\t\t\t\t\t<div class=\"elementor-element elementor-element-c6e8233 elementor-widget elementor-widget-heading\" data-id=\"c6e8233\" data-element_type=\"widget\" data-widget_type=\"heading.default\">\n\t\t\t\t<div class=\"elementor-widget-container\">\n\t\t\t\t\t<h2 class=\"elementor-heading-title elementor-size-default\">Vacantes Actuales<\/h2>\t\t\t\t<\/div>\n\t\t\t\t<\/div>\n\t\t\t\t<div class=\"elementor-element elementor-element-e8dfcc9 elementor-widget elementor-widget-text-editor\" data-id=\"e8dfcc9\" data-element_type=\"widget\" data-widget_type=\"text-editor.default\">\n\t\t\t\t<div class=\"elementor-widget-container\">\n\t\t\t\t\t\t\t\t\t<p>CMWC valora una fuerza laboral y cultura diversa, inclusiva y emprendedora, y ofrece igualdad de oportunidades de empleo para todos los solicitantes y empleados. Todos los solicitantes calificados ser\u00e1n considerados sin importar raza, color, sexo, identidad de g\u00e9nero, expresi\u00f3n de g\u00e9nero, religi\u00f3n, edad, origen nacional o ascendencia, ciudadan\u00eda, discapacidad f\u00edsica o mental, condici\u00f3n m\u00e9dica, estado de cuidado familiar, estado civil, estado de pareja dom\u00e9stica, orientaci\u00f3n sexual, informaci\u00f3n gen\u00e9tica, estado militar o de veterano, o cualquier otra base protegida por leyes federales, estatales o locales.\nSi no puedes enviar tu solicitud debido a tecnolog\u00eda de asistencia incompatible o una discapacidad, por favor cont\u00e1ctanos en hr@cmwcusa.org. CMWC proporcionar\u00e1 adaptaciones razonables a individuos calificados con discapacidades seg\u00fan lo requiera la ley aplicable.<\/p>\t\t\t\t\t\t\t\t<\/div>\n\t\t\t\t<\/div>\n\t\t\t\t<div class=\"elementor-element elementor-element-28b3dd1 elementor-widget elementor-widget-button\" data-id=\"28b3dd1\" data-element_type=\"widget\" data-widget_type=\"button.default\">\n\t\t\t\t<div class=\"elementor-widget-container\">\n\t\t\t\t\t\t\t\t\t<div class=\"elementor-button-wrapper\">\n\t\t\t\t\t<a class=\"elementor-button elementor-button-link elementor-size-sm\" href=\"https:\/\/cmwcusa.org\/wp-content\/uploads\/2024\/02\/Voluntary-Self-Identification-of-Disability-Form.docx\" target=\"_blank\">\n\t\t\t\t\t\t<span class=\"elementor-button-content-wrapper\">\n\t\t\t\t\t\t<span class=\"elementor-button-icon\">\n\t\t\t\t<i aria-hidden=\"true\" class=\"fas fa-file-download\"><\/i>\t\t\t<\/span>\n\t\t\t\t\t\t\t\t\t<span class=\"elementor-button-text\">Voluntary Self-Identification of Disability Form<\/span>\n\t\t\t\t\t<\/span>\n\t\t\t\t\t<\/a>\n\t\t\t\t<\/div>\n\t\t\t\t\t\t\t\t<\/div>\n\t\t\t\t<\/div>\n\t\t\t\t<div class=\"elementor-element elementor-element-89821cb elementor-widget elementor-widget-button\" data-id=\"89821cb\" data-element_type=\"widget\" data-widget_type=\"button.default\">\n\t\t\t\t<div class=\"elementor-widget-container\">\n\t\t\t\t\t\t\t\t\t<div class=\"elementor-button-wrapper\">\n\t\t\t\t\t<a class=\"elementor-button elementor-button-link elementor-size-sm\" href=\"https:\/\/cmwcusa.org\/wp-content\/uploads\/2024\/02\/Ethnicity-Race-Identification-Form.pdf\" target=\"_blank\">\n\t\t\t\t\t\t<span class=\"elementor-button-content-wrapper\">\n\t\t\t\t\t\t<span class=\"elementor-button-icon\">\n\t\t\t\t<i aria-hidden=\"true\" class=\"fas fa-file-download\"><\/i>\t\t\t<\/span>\n\t\t\t\t\t\t\t\t\t<span class=\"elementor-button-text\">Ethnicity & Race Identification Form<\/span>\n\t\t\t\t\t<\/span>\n\t\t\t\t\t<\/a>\n\t\t\t\t<\/div>\n\t\t\t\t\t\t\t\t<\/div>\n\t\t\t\t<\/div>\n\t\t\t\t<div class=\"elementor-element elementor-element-4f541bc elementor-widget elementor-widget-button\" data-id=\"4f541bc\" data-element_type=\"widget\" data-widget_type=\"button.default\">\n\t\t\t\t<div class=\"elementor-widget-container\">\n\t\t\t\t\t\t\t\t\t<div class=\"elementor-button-wrapper\">\n\t\t\t\t\t<a class=\"elementor-button elementor-button-link elementor-size-sm\" href=\"https:\/\/cmwcusa.org\/wp-content\/uploads\/2024\/02\/Voluntary-Self-Identification-Veterans-Status-Form.pdf\" target=\"_blank\">\n\t\t\t\t\t\t<span class=\"elementor-button-content-wrapper\">\n\t\t\t\t\t\t<span class=\"elementor-button-icon\">\n\t\t\t\t<i aria-hidden=\"true\" class=\"fas fa-file-download\"><\/i>\t\t\t<\/span>\n\t\t\t\t\t\t\t\t\t<span class=\"elementor-button-text\">Voluntary Self-Identification-Veterans Status Form<\/span>\n\t\t\t\t\t<\/span>\n\t\t\t\t\t<\/a>\n\t\t\t\t<\/div>\n\t\t\t\t\t\t\t\t<\/div>\n\t\t\t\t<\/div>\n\t\t\t\t<div class=\"elementor-element elementor-element-db5d731 elementor-widget elementor-widget-text-editor\" data-id=\"db5d731\" data-element_type=\"widget\" data-widget_type=\"text-editor.default\">\n\t\t\t\t<div class=\"elementor-widget-container\">\n\t\t\t\t\t\t\t\t\t<p><span style=\"color: var( --e-global-color-kadence2 ); background-color: var( --e-global-color-kadence8 ); font-family: var(--global-body-font-family);\">CMWC es un empleador que ofrece igualdad de oportunidades. CMWC ofrece a los empleados un paquete integral de beneficios que cubre salud y bienestar, jubilaci\u00f3n, finanzas y necesidades de bienestar:<\/span><\/p><p>\u2022 Seguro M\u00e9dico<br \/>\u2022 Seguro Dental<br \/>\u2022 Seguro de Visi\u00f3n<br \/>\u2022 Seguro de Vida<br \/>\u2022 Discapacidad a Largo Plazo<br \/>\u2022 Vacaciones<br \/>\u2022 D\u00edas Festivos Pagados<br \/>\u2022 Plan 403(B)<br \/>\u2022 Desarrollo Profesional<br \/>\u2022 Reembolso de Matr\u00edcula<br \/>\u2022 Programa de Asistencia al Empleado (EAP)<\/p><p>Por favor, seleccione cualquiera de las oportunidades listadas a continuaci\u00f3n para ver la descripci\u00f3n completa del trabajo y siga las instrucciones para completar y enviar su solicitud en l\u00ednea.<\/p>\t\t\t\t\t\t\t\t<\/div>\n\t\t\t\t<\/div>\n\t\t\t\t<div class=\"elementor-element elementor-element-75f9a8e elementor-widget elementor-widget-shortcode\" data-id=\"75f9a8e\" data-element_type=\"widget\" data-widget_type=\"shortcode.default\">\n\t\t\t\t<div class=\"elementor-widget-container\">\n\t\t\t\t\t\t\t<div class=\"elementor-shortcode\"><div class=\"job-listing row clearfix\"><div class=\"column medium-12 col-md-12\"><div class=\"job-preview clearfix\" ><div class=\"job-content\"><h5><a href=\"https:\/\/cmwcusa.org\/es\/job\/physician\" target=\"_self\"><span>Physician<\/span><\/a><\/h5><div class=\"job-additional-information\"><span>Full-time<\/span><\/div><\/div><div class=\"job-cta\"><a href=\"https:\/\/cmwcusa.org\/es\/job\/physician\" target=\"_self\" class=\"apply-btn local\">View<\/a><\/div><\/div><div class=\"job-preview clearfix\" ><div class=\"job-content\"><h5><a href=\"https:\/\/cmwcusa.org\/es\/job\/nurse-practitioner\" target=\"_self\"><span>Nurse Practitioner<\/span><\/a><\/h5><div class=\"job-additional-information\"><span>Full-time<\/span><\/div><\/div><div class=\"job-cta\"><a href=\"https:\/\/cmwcusa.org\/es\/job\/nurse-practitioner\" target=\"_self\" class=\"apply-btn local\">View<\/a><\/div><\/div><div class=\"job-preview clearfix\" ><div class=\"job-content\"><h5><a href=\"https:\/\/cmwcusa.org\/es\/job\/medical-assistant-2\" target=\"_self\"><span>Medical Assistant<\/span><\/a><\/h5><div class=\"job-additional-information\"><span>Full-time<\/span><\/div><\/div><div class=\"job-cta\"><a href=\"https:\/\/cmwcusa.org\/es\/job\/medical-assistant-2\" target=\"_self\" class=\"apply-btn local\">View<\/a><\/div><\/div><\/div><\/div><\/div>\n\t\t\t\t\t\t<\/div>\n\t\t\t\t<\/div>\n\t\t\t\t\t<\/div>\n\t\t<\/div>\n\t\t\t\t\t<\/div>\n\t\t<\/section>\n\t\t\t\t<\/div>","protected":false},"excerpt":{"rendered":"<p>Jobs &amp; Careers Employment Opportunities CMWC&#8217;s human resource department is located at 1360 E. Anaheim Street, Long Beach CA 90813. All interested applicants must submit an online application for further consideration. CMWC believes in creating environments that allow its stakeholders to prosper, grow and continually learn to be the best to the community. As part&#8230;<\/p>","protected":false},"author":2,"featured_media":0,"parent":0,"menu_order":0,"comment_status":"closed","ping_status":"closed","template":"","meta":{"_kadence_starter_templates_imported_post":false,"_kad_post_transparent":"","_kad_post_title":"hide","_kad_post_layout":"fullwidth","_kad_post_sidebar_id":"","_kad_post_content_style":"unboxed","_kad_post_vertical_padding":"hide","_kad_post_feature":"hide","_kad_post_feature_position":"","_kad_post_header":false,"_kad_post_footer":false,"footnotes":""},"class_list":["post-1699","page","type-page","status-publish","hentry"],"yoast_head":"<!-- This site is optimized with the Yoast SEO plugin v25.4 - https:\/\/yoast.com\/wordpress\/plugins\/seo\/ -->\n<title>Employment Opportunities - Community Medical Wellness Centers USA (CMWC)<\/title>\n<meta name=\"robots\" content=\"index, follow, max-snippet:-1, max-image-preview:large, max-video-preview:-1\" \/>\n<link rel=\"canonical\" href=\"https:\/\/cmwcusa.org\/es\/jobs\/\" \/>\n<meta property=\"og:locale\" content=\"es_MX\" \/>\n<meta property=\"og:type\" content=\"article\" \/>\n<meta property=\"og:title\" content=\"Employment Opportunities - Community Medical Wellness Centers USA (CMWC)\" \/>\n<meta property=\"og:description\" content=\"Jobs &amp; Careers Employment Opportunities CMWC&#8217;s human resource department is located at 1360 E. Anaheim Street, Long Beach CA 90813. All interested applicants must submit an online application for further consideration. CMWC believes in creating environments that allow its stakeholders to prosper, grow and continually learn to be the best to the community. As part...\" \/>\n<meta property=\"og:url\" content=\"https:\/\/cmwcusa.org\/es\/jobs\/\" \/>\n<meta property=\"og:site_name\" content=\"Community Medical Wellness Centers USA (CMWC)\" \/>\n<meta property=\"article:publisher\" content=\"https:\/\/www.facebook.com\/cmwcusa\/\" \/>\n<meta property=\"article:modified_time\" content=\"2024-02-07T06:58:42+00:00\" \/>\n<meta property=\"og:image\" content=\"https:\/\/cmwcusa.org\/wp-content\/uploads\/2023\/09\/CMWC_staff_-5.jpg\" \/>\n<meta name=\"twitter:card\" content=\"summary_large_image\" \/>\n<meta name=\"twitter:site\" content=\"@cmwcusa\" \/>\n<meta name=\"twitter:label1\" content=\"Tiempo de lectura\" \/>\n\t<meta name=\"twitter:data1\" content=\"2 minutos\" \/>\n<!-- \/ Yoast SEO plugin. -->","yoast_head_json":{"title":"Employment Opportunities - Community Medical Wellness Centers USA (CMWC)","robots":{"index":"index","follow":"follow","max-snippet":"max-snippet:-1","max-image-preview":"max-image-preview:large","max-video-preview":"max-video-preview:-1"},"canonical":"https:\/\/cmwcusa.org\/es\/jobs\/","og_locale":"es_MX","og_type":"article","og_title":"Employment Opportunities - Community Medical Wellness Centers USA (CMWC)","og_description":"Jobs &amp; Careers Employment Opportunities CMWC&#8217;s human resource department is located at 1360 E. Anaheim Street, Long Beach CA 90813. All interested applicants must submit an online application for further consideration. CMWC believes in creating environments that allow its stakeholders to prosper, grow and continually learn to be the best to the community. As part...","og_url":"https:\/\/cmwcusa.org\/es\/jobs\/","og_site_name":"Community Medical Wellness Centers USA (CMWC)","article_publisher":"https:\/\/www.facebook.com\/cmwcusa\/","article_modified_time":"2024-02-07T06:58:42+00:00","og_image":[{"url":"https:\/\/cmwcusa.org\/wp-content\/uploads\/2023\/09\/CMWC_staff_-5.jpg","type":"","width":"","height":""}],"twitter_card":"summary_large_image","twitter_site":"@cmwcusa","twitter_misc":{"Tiempo de lectura":"2 minutos"},"schema":{"@context":"https:\/\/schema.org","@graph":[{"@type":"WebPage","@id":"https:\/\/cmwcusa.org\/jobs","url":"https:\/\/cmwcusa.org\/jobs","name":"Employment Opportunities - Community Medical Wellness Centers USA (CMWC)","isPartOf":{"@id":"https:\/\/cmwcusa.org\/#website"},"primaryImageOfPage":{"@id":"https:\/\/cmwcusa.org\/jobs#primaryimage"},"image":{"@id":"https:\/\/cmwcusa.org\/jobs#primaryimage"},"thumbnailUrl":"https:\/\/cmwcusa.org\/wp-content\/uploads\/2023\/09\/CMWC_staff_-5.jpg","datePublished":"2023-10-23T04:52:00+00:00","dateModified":"2024-02-07T06:58:42+00:00","breadcrumb":{"@id":"https:\/\/cmwcusa.org\/jobs#breadcrumb"},"inLanguage":"es","potentialAction":[{"@type":"ReadAction","target":["https:\/\/cmwcusa.org\/jobs"]}]},{"@type":"ImageObject","inLanguage":"es","@id":"https:\/\/cmwcusa.org\/jobs#primaryimage","url":"https:\/\/cmwcusa.org\/wp-content\/uploads\/2023\/09\/CMWC_staff_-5.jpg","contentUrl":"https:\/\/cmwcusa.org\/wp-content\/uploads\/2023\/09\/CMWC_staff_-5.jpg"},{"@type":"BreadcrumbList","@id":"https:\/\/cmwcusa.org\/jobs#breadcrumb","itemListElement":[{"@type":"ListItem","position":1,"name":"Home","item":"https:\/\/cmwcusa.org\/"},{"@type":"ListItem","position":2,"name":"Employment Opportunities"}]},{"@type":"WebSite","@id":"https:\/\/cmwcusa.org\/#website","url":"https:\/\/cmwcusa.org\/","name":"Community Medical Wellness Centers USA (CMWC)","description":"Your Key to Wellness","publisher":{"@id":"https:\/\/cmwcusa.org\/#organization"},"potentialAction":[{"@type":"SearchAction","target":{"@type":"EntryPoint","urlTemplate":"https:\/\/cmwcusa.org\/?s={search_term_string}"},"query-input":{"@type":"PropertyValueSpecification","valueRequired":true,"valueName":"search_term_string"}}],"inLanguage":"es"},{"@type":"Organization","@id":"https:\/\/cmwcusa.org\/#organization","name":"Community Medical Wellness Centers USA (CMWC)","url":"https:\/\/cmwcusa.org\/","logo":{"@type":"ImageObject","inLanguage":"es","@id":"https:\/\/cmwcusa.org\/#\/schema\/logo\/image\/","url":"https:\/\/cmwcusa.org\/wp-content\/uploads\/2023\/09\/LOGO_Full_Color_Horizontal_CMWC_padding.png","contentUrl":"https:\/\/cmwcusa.org\/wp-content\/uploads\/2023\/09\/LOGO_Full_Color_Horizontal_CMWC_padding.png","width":2000,"height":564,"caption":"Community Medical Wellness Centers USA (CMWC)"},"image":{"@id":"https:\/\/cmwcusa.org\/#\/schema\/logo\/image\/"},"sameAs":["https:\/\/www.facebook.com\/cmwcusa\/","https:\/\/x.com\/cmwcusa","https:\/\/www.instagram.com\/cmwcenters\/","https:\/\/www.youtube.com\/@CMWCUSA"]}]}},"_links":{"self":[{"href":"https:\/\/cmwcusa.org\/es\/wp-json\/wp\/v2\/pages\/1699","targetHints":{"allow":["GET"]}}],"collection":[{"href":"https:\/\/cmwcusa.org\/es\/wp-json\/wp\/v2\/pages"}],"about":[{"href":"https:\/\/cmwcusa.org\/es\/wp-json\/wp\/v2\/types\/page"}],"author":[{"embeddable":true,"href":"https:\/\/cmwcusa.org\/es\/wp-json\/wp\/v2\/users\/2"}],"replies":[{"embeddable":true,"href":"https:\/\/cmwcusa.org\/es\/wp-json\/wp\/v2\/comments?post=1699"}],"version-history":[{"count":34,"href":"https:\/\/cmwcusa.org\/es\/wp-json\/wp\/v2\/pages\/1699\/revisions"}],"predecessor-version":[{"id":2208,"href":"https:\/\/cmwcusa.org\/es\/wp-json\/wp\/v2\/pages\/1699\/revisions\/2208"}],"wp:attachment":[{"href":"https:\/\/cmwcusa.org\/es\/wp-json\/wp\/v2\/media?parent=1699"}],"curies":[{"name":"wp","href":"https:\/\/api.w.org\/{rel}","templated":true}]}}